{"id":226,"date":"2020-06-01T18:46:42","date_gmt":"2020-06-01T16:46:42","guid":{"rendered":"https:\/\/valtel.ostersund.se\/?page_id=226"},"modified":"2022-12-01T13:06:41","modified_gmt":"2022-12-01T12:06:41","slug":"valtel","status":"publish","type":"page","link":"https:\/\/valtel.ostersund.se\/","title":{"rendered":"V\u00e4lTel 2.0"},"content":{"rendered":"\n\n\t<h2>V\u00e4lf\u00e4rdsteknologi i Nordens Gr\u00f6na B\u00e4lte<\/h2>\n\t\t\t\t<a href=\"http:\/\/www.interreg-sverige-norge.com\/\" target=\"_blank\" rel=\"noopener\" itemprop=\"url\">\n\t\t\t\t<img loading=\"lazy\" decoding=\"async\" src=\"https:\/\/valtel.ostersund.se\/wp-content\/uploads\/2020\/04\/interreg_Sverige-Norge_2016_SV_RGB-300x84-1.png\" alt=\"Interreg logotyp\" itemprop=\"image\" height=\"84\" width=\"300\" title=\"interreg_Sverige-Norge_2016_SV_RGB-300x84\" onerror=\"this.style.display='none'\"  \/>\n\t\t\t\t<\/a>\n\t<h2>Vi tror att framtidens v\u00e4lf\u00e4rdsl\u00f6sningar m\u00e5ste ta avstamp i vardagliga situationer, dr\u00f6mmar och behov.<\/h2>\n\t<p>Kanske \u00e4r DU som l\u00e4ser detta mottagare av v\u00e4lf\u00e4rdstj\u00e4nster redan idag. Kanske funderar du, precis som vi g\u00f6r, \u00f6ver framtiden. Med st\u00f6rsta sannolikhet har du en eller flera anh\u00f6riga som \u00e4r i behov av n\u00e5got slags v\u00e5rd eller omsorg.<\/p>\n<p>I projektet V\u00e4lTel 2.0 samarbetar <a href=\"https:\/\/www.ostersund.se\/\">\u00d6stersunds kommun<\/a>, <a href=\"https:\/\/regionjh.se\/\">Region J\u00e4mtland-H\u00e4rjedalen<\/a>, <a href=\"https:\/\/are.se\/\">\u00c5re kommun<\/a>, <a href=\"https:\/\/www.miun.se\/\">Mittuniversitetet<\/a> och <a href=\"https:\/\/www.trondelagfylke.no\/\">Nord-Tr\u00f8ndelag<\/a>, samt en rad innovativa akt\u00f6rer inom n\u00e4ringslivet, med att hitta <strong>framtidens h\u00e4lsol\u00f6sningar<\/strong>.<\/p>\n<p>Vi utforskar hur \u00f6kad kunskap kring innovationsprocesser, digitalisering och nya teknologier &#8211; s\u00e5 kallade <strong>v\u00e4lf\u00e4rdsteknologiska l\u00f6sningar<\/strong>\u00a0&#8211; kan g\u00f6ra v\u00e5rd- och omsorg, samt h\u00e4lso- och sjukv\u00e5rd mer <strong>j\u00e4mlik<\/strong> ur ett patient-, brukar-, och medborgarperspektiv.<\/p>\n<p>V\u00e4lf\u00e4rdsteknologi kan fungera som st\u00f6d i ditt privata boende eller f\u00f6rebygga och komplettera olika sorters v\u00e5rd- och omsorgsbehov. I V\u00e4lTel 2.0 kartl\u00e4gger, testar och utv\u00e4rderar vi arbetsmetoder som syftar till att \u00f6ka patients\u00e4kerheten och skapa en mer <strong>lyh\u00f6rd<\/strong>, <strong>flexibel<\/strong> och <strong>transparent<\/strong> v\u00e5rd.<\/p>\n<p>Genom att s\u00e4tta <strong>m\u00e4nniskan i centrum<\/strong> av nya arbetsmetoder och innovativa teknologier, \u00e4r vi med och skapar f\u00f6ruts\u00e4ttningar f\u00f6r en <strong>bra<\/strong> och <strong>likv\u00e4rdig<\/strong> v\u00e5rd alldeles oavsett vart i landet, regionen, kommunen eller <em>livet<\/em>\u00a0du befinner dig.<\/p>\n\t\t\t<a href=\"https:\/\/valtel.ostersund.se\/index.php\/valfardsteknologiska-framsteg\/\" target=\"_blank\" role=\"button\" rel=\"noopener\">\n\t\t\t\t\t\tHur kan v\u00e4lf\u00e4rdsteknologiska l\u00f6sningar f\u00f6renkla min vardag?\n\t\t\t\t\t<\/a>\n\t<blockquote>\n<h2><em>Jag skulle spendera mer tid med Greta. Jag tr\u00e4ffar m\u00e5nga \u00e4ldre som har mycket att ber\u00e4tta, men ingen kvar att samtala med.<\/em><\/h2>\n<\/blockquote>\n\t\t\t\t<img loading=\"lazy\" decoding=\"async\" src=\"https:\/\/valtel.ostersund.se\/wp-content\/uploads\/2020\/06\/two-adult-women-beside-each-other-3768114.jpg\" alt=\"two-adult-women-beside-each-other-3768114\" itemprop=\"image\" height=\"877\" width=\"1280\" title=\"two-adult-women-beside-each-other-3768114\" onerror=\"this.style.display='none'\"  \/>\n\t<p>Satsningar p\u00e5 v\u00e4lf\u00e4rdsteknologi \u00e4r utvecklande ocks\u00e5 ur ett medarbetarperspektiv.<\/p>\n<p>&nbsp;<\/p>\n\t<p>Smarta l\u00f6sningar (som t.ex IKT-tj\u00e4nster som st\u00f6djer kommunikation mellan patienter och anh\u00f6riga, samt v\u00e5rd- och omsorgskollegor) kan skapa en k\u00e4nsla av \u00f6kad <strong>delaktighet<\/strong>, <strong>trygghet<\/strong> och <strong>insyn<\/strong>\u00a0&#8211; samtidigt som de <strong>frig\u00f6r tid<\/strong> f\u00f6r dig som arbetar i offentlig sektor. V\u00e4rdefull tid som kan anv\u00e4ndas till en extra l\u00e5ng promenad i solen eller n\u00e5got annat som h\u00f6jer <strong>livskvalit\u00e9n<\/strong> b\u00e5de f\u00f6r dig och den du finns till f\u00f6r.<\/p>\n\t\t\t<a href=\"https:\/\/valtel.ostersund.se\/index.php\/valfardsteknologiska-framsteg\/\" target=\"_blank\" role=\"button\" rel=\"noopener\">\n\t\t\t\t\t\tHur kan v\u00e4lf\u00e4rdsteknologiska l\u00f6sningar underl\u00e4tta min arbetssituation?\n\t\t\t\t\t<\/a>\n\t\t\t\t<img loading=\"lazy\" decoding=\"async\" src=\"https:\/\/valtel.ostersund.se\/wp-content\/uploads\/2020\/06\/shallow-focus-photo-of-woman-near-plants-2769001.jpg\" alt=\"shallow-focus-photo-of-woman-near-plants-2769001\" itemprop=\"image\" height=\"843\" width=\"1280\" title=\"shallow-focus-photo-of-woman-near-plants-2769001\" onerror=\"this.style.display='none'\"  \/>\n\t<blockquote>\n<h2><em>Jag \u00e4lskar den h\u00e4r platsen, helst av allt skulle jag vilja bo kvar.<\/em><\/h2>\n<\/blockquote>\n\tHelle S\u00f6rensen, huvudprojektledare<br \/>\n<a href=\"mailto:helle.sorensen@ostersund.se\">helle.sorensen@ostersund.se<\/a><br \/>\n+46 63-14 35 96\n\t\u00c5smund Bang, Bitr. Huvudprojektledare<br \/>\n<a href=\"mailto:asmunds.bang@helse-nordtrondelag.no\">asmunds.bang@helse-nordtrondelag.no<\/a><br \/>\n+ 47 48-22 17 73\n\t\t\t<a href=\"https:\/\/www.facebook.com\/ValtelMittnorden\" target=\"_blank\" role=\"button\" rel=\"noopener\">\n\t\t\t\t\t\tF\u00f6lj oss\n\t\t\t\t\t<\/a>\n\t\t\t\t<a href=\"http:\/\/www.interreg-sverige-norge.com\/\" target=\"_blank\" rel=\"noopener\" itemprop=\"url\">\n\t\t\t\t<img loading=\"lazy\" decoding=\"async\" src=\"https:\/\/valtel.ostersund.se\/wp-content\/uploads\/2020\/04\/interreg_Sverige-Norge_2016_SV_RGB-300x84-1.png\" alt=\"Interreg logotyp\" itemprop=\"image\" height=\"84\" width=\"300\" title=\"interreg_Sverige-Norge_2016_SV_RGB-300x84\" onerror=\"this.style.display='none'\"  \/>\n\t\t\t\t<\/a>\n\t\t\t\t<a href=\"https:\/\/www.ostersund.se\/\" target=\"_blank\" rel=\"noopener\" itemprop=\"url\">\n\t\t\t\t<img decoding=\"async\" src=\"https:\/\/www.ostersund.se\/images\/18.212597031610053f2ba346e5\/1518008100706\/ostersunds-kommun-staare.png\" alt=\"ostersunds-kommun-staare.png\" itemprop=\"image\" title=\"ostersunds-kommun-staare.png\" onerror=\"this.style.display='none'\"  \/>\n\t\t\t\t<\/a>\n\t\t\t\t<a href=\"https:\/\/www.trondelagfylke.no\/\" target=\"_blank\" rel=\"noopener\" itemprop=\"url\">\n\t\t\t\t<img decoding=\"async\" src=\"https:\/\/www.trondelagfylke.no\/Static\/images\/layout\/logo.svg\" alt=\"logo.svg\" itemprop=\"image\" title=\"logo.svg\" onerror=\"this.style.display='none'\"  \/>\n\t\t\t\t<\/a>\n\t\t\t\t<a href=\"https:\/\/hnt.no\/\" target=\"_blank\" rel=\"noopener\" itemprop=\"url\">\n\t\t\t\t<img decoding=\"async\" src=\"https:\/\/hnt.no\/Style%20Library\/images\/logo.svg\" alt=\"logo.svg\" itemprop=\"image\" title=\"logo.svg\" onerror=\"this.style.display='none'\"  \/>\n\t\t\t\t<\/a>\n\t\t\t\t<a href=\"https:\/\/hnt.no\/avdelinger\/direktorens-stab\/innovasjonsklinikken\" target=\"_blank\" rel=\"noopener\" itemprop=\"url\">\n\t\t\t\t<img loading=\"lazy\" decoding=\"async\" src=\"https:\/\/valtel.ostersund.se\/wp-content\/uploads\/2020\/04\/white-cloud-in-the-sky-1586981-150x150.jpg\" alt=\"white-cloud-in-the-sky-1586981\" itemprop=\"image\" height=\"150\" width=\"150\" title=\"white-cloud-in-the-sky-1586981\" onerror=\"this.style.display='none'\"  \/>\n\t\t\t\t<\/a>\n\t\t\t\t<a href=\"https:\/\/are.se\/\" target=\"_blank\" rel=\"noopener\" itemprop=\"url\">\n\t\t\t\t<img decoding=\"async\" src=\"https:\/\/are.se\/templates\/are\/images\/are_kommun_logo_guld.png\" alt=\"are_kommun_logo_guld.png\" itemprop=\"image\" title=\"are_kommun_logo_guld.png\" onerror=\"this.style.display='none'\"  \/>\n\t\t\t\t<\/a>\n\t<p><a href=\"https:\/\/valtel.ostersund.se\/index.php\/kontakt\/\">L\u00e4r k\u00e4nna medfinansi\u00e4rerna som hj\u00e4lper oss att f\u00f6rverkliga v\u00e5ra projektm\u00e5l \u00bb<\/a><\/p>\n\n","protected":false},"excerpt":{"rendered":"<p>V\u00e4lf\u00e4rdsteknologi i Nordens Gr\u00f6na B\u00e4lte Vi tror att framtidens v\u00e4lf\u00e4rdsl\u00f6sningar m\u00e5ste ta avstamp i vardagliga situationer, dr\u00f6mmar och behov. Kanske \u00e4r DU som l\u00e4ser detta mottagare av v\u00e4lf\u00e4rdstj\u00e4nster redan idag. Kanske funderar du, precis som vi g\u00f6r, \u00f6ver framtiden. Med st\u00f6rsta sannolikhet har du en eller flera anh\u00f6riga som \u00e4r i behov av n\u00e5got slags&hellip;<\/p>\n","protected":false},"author":3,"featured_media":0,"parent":0,"menu_order":0,"comment_status":"closed","ping_status":"closed","template":"","meta":{"_monsterinsights_skip_tracking":false,"_monsterinsights_sitenote_active":false,"_monsterinsights_sitenote_note":"","_monsterinsights_sitenote_category":0,"footnotes":""},"class_list":["post-226","page","type-page","status-publish","hentry"],"_links":{"self":[{"href":"https:\/\/valtel.ostersund.se\/index.php\/wp-json\/wp\/v2\/pages\/226","targetHints":{"allow":["GET"]}}],"collection":[{"href":"https:\/\/valtel.ostersund.se\/index.php\/wp-json\/wp\/v2\/pages"}],"about":[{"href":"https:\/\/valtel.ostersund.se\/index.php\/wp-json\/wp\/v2\/types\/page"}],"author":[{"embeddable":true,"href":"https:\/\/valtel.ostersund.se\/index.php\/wp-json\/wp\/v2\/users\/3"}],"replies":[{"embeddable":true,"href":"https:\/\/valtel.ostersund.se\/index.php\/wp-json\/wp\/v2\/comments?post=226"}],"version-history":[{"count":60,"href":"https:\/\/valtel.ostersund.se\/index.php\/wp-json\/wp\/v2\/pages\/226\/revisions"}],"predecessor-version":[{"id":856,"href":"https:\/\/valtel.ostersund.se\/index.php\/wp-json\/wp\/v2\/pages\/226\/revisions\/856"}],"wp:attachment":[{"href":"https:\/\/valtel.ostersund.se\/index.php\/wp-json\/wp\/v2\/media?parent=226"}],"curies":[{"name":"wp","href":"https:\/\/api.w.org\/{rel}","templated":true}]}}